{"id":4724,"date":"2017-10-30T15:11:40","date_gmt":"2017-10-30T15:11:40","guid":{"rendered":"https:\/\/outlet.bertplantagie.com\/?page_id=4724"},"modified":"2023-10-31T15:25:22","modified_gmt":"2023-10-31T15:25:22","slug":"verkaufs-information","status":"publish","type":"page","link":"https:\/\/outlet.bertplantagie.com\/de\/verkaufs-information\/","title":{"rendered":"Verkaufsbedingungen"},"content":{"rendered":"<h1 class=\"entry-title\">Verkaufsbedingungen<\/h1>\n<h3><strong>\u00d6ffnungszeiten<\/strong><\/h3>\n<p>An Samstagen sind Sie ohne Termin zwischen <strong>10:00 und 15:00 Uhr<\/strong> herzlich willkommen.<\/p>\n<p>Die Artikel in unserem Outlet-Store k\u00f6nnen Sie nicht nur online ansehen, sondern auch per Telefon oder E-Mail bei uns bestellen. Wenn Sie Fragen zu einem Produkt haben, beantworten wir diese gerne. Auf Wunsch senden wir Ihnen zus\u00e4tzliche Fotos zu oder messen Produkte f\u00fcr Sie nach. Sie k\u00f6nnen uns jederzeit <a href=\"https:\/\/outlet.bertplantagie.com\/de\/kontakt\/\">Kontaktieren.<\/a><\/p>\n<p>&nbsp;<\/p>\n<h3><strong>Produkte<\/strong><\/h3>\n<p>Im bert plantagie Outlet-Store k\u00f6nnen Sie bert plantagie Produkte erwerben. Dies sind beispielsweise Modelle, die bereits l\u00e4ngere Zeit in einer Ausstellung standen oder auf Messen oder Fotoshootings verwendet wurden und oft ein kurzes Leben hatten. Sie unterliegen nicht derselben Qualit\u00e4tskontrolle wie unsere regul\u00e4re Produkte, daher bitten wir Sie die Produkte selbst zu \u00fcberpr\u00fcfen auf Besch\u00e4digungen, bevor Sie zum Kauf \u00fcbergehen. Produkte aus der regul\u00e4ren Kollektion k\u00f6nnen nicht bei uns bestellt werden. Um diese zu erwerben, wenden Sie sich bitte an Ihren n\u00e4chsten bert plantagie H\u00e4ndler.<\/p>\n<p><strong>Produkte, die im Outlet erworben wurden, k\u00f6nnen nicht umgetauscht oder zur\u00fcckgegeben werden. Dar\u00fcber hinaus besteht keine Garantie auf die im Outlet gekauften Produkte.<\/strong><\/p>\n<p>&nbsp;<\/p>\n<h3><strong>Abholung<\/strong><\/h3>\n<p>Gekaufte M\u00f6bel k\u00f6nnen Samstags zwischen 10:00 und 15:00 Uhr und an Werktagen nach Vereinbarung abgeholt werden. M\u00f6bel, die Sie sp\u00e4ter abholen m\u00f6chten, k\u00f6nnen wir f\u00fcr Sie zwei Wochen lang lagern, danach berechnen wir 25 \u20ac pro Woche.<br \/>\nSie k\u00f6nnen bar oder mit Karte zum Zeitpunkt des Kaufs bezahlen.<\/p>\n<p>&nbsp;<\/p>\n<h3><strong>Lieferung<\/strong><\/h3>\n<p>Es ist auch m\u00f6glich, Ihre Produkte liefern zu lassen. Leider ist es uns nur m\u00f6glich, innerhalb eines Radius (Ausgangspunkt Cuijk, NL) von 100 Kilometern zu liefern. Wenn Sie Ihre M\u00f6bel geliefert haben m\u00f6chten, rechnen Sie bitte mit einer Lieferzeit von etwa 3 Wochen.<\/p>\n<p>Die Transportkosten werden entsprechend des Kaufpreises und der Entfernung berechnet.<\/p>\n","protected":false},"excerpt":{"rendered":"<p>Verkaufsbedingungen \u00d6ffnungszeiten An Samstagen sind Sie ohne Termin zwischen 10:00 und 15:00 Uhr herzlich willkommen. Die Artikel in unserem Outlet-Store k\u00f6nnen Sie nicht nur online ansehen, sondern auch per Telefon oder E-Mail bei uns bestellen. Wenn Sie Fragen zu einem Produkt haben, beantworten wir diese gerne. Auf Wunsch senden wir Ihnen zus\u00e4tzliche Fotos zu oder [&hellip;]<\/p>\n","protected":false},"author":6228,"featured_media":0,"parent":0,"menu_order":0,"comment_status":"closed","ping_status":"closed","template":"","meta":{"_acf_changed":false,"footnotes":""},"class_list":["post-4724","page","type-page","status-publish","hentry"],"acf":[],"_links":{"self":[{"href":"https:\/\/outlet.bertplantagie.com\/de\/wp-json\/wp\/v2\/pages\/4724","targetHints":{"allow":["GET"]}}],"collection":[{"href":"https:\/\/outlet.bertplantagie.com\/de\/wp-json\/wp\/v2\/pages"}],"about":[{"href":"https:\/\/outlet.bertplantagie.com\/de\/wp-json\/wp\/v2\/types\/page"}],"author":[{"embeddable":true,"href":"https:\/\/outlet.bertplantagie.com\/de\/wp-json\/wp\/v2\/users\/6228"}],"replies":[{"embeddable":true,"href":"https:\/\/outlet.bertplantagie.com\/de\/wp-json\/wp\/v2\/comments?post=4724"}],"version-history":[{"count":5,"href":"https:\/\/outlet.bertplantagie.com\/de\/wp-json\/wp\/v2\/pages\/4724\/revisions"}],"predecessor-version":[{"id":18207,"href":"https:\/\/outlet.bertplantagie.com\/de\/wp-json\/wp\/v2\/pages\/4724\/revisions\/18207"}],"wp:attachment":[{"href":"https:\/\/outlet.bertplantagie.com\/de\/wp-json\/wp\/v2\/media?parent=4724"}],"curies":[{"name":"wp","href":"https:\/\/api.w.org\/{rel}","templated":true}]}}